{"id":720,"date":"2020-03-20T16:16:08","date_gmt":"2020-03-20T15:16:08","guid":{"rendered":"http:\/\/the-fite.com\/?page_id=720"},"modified":"2020-03-20T16:57:41","modified_gmt":"2020-03-20T15:57:41","slug":"mentions-legales","status":"publish","type":"page","link":"https:\/\/the-fite.com\/en\/mentions-legales\/","title":{"rendered":"Mentions legales"},"content":{"rendered":"<div data-elementor-type=\"wp-page\" data-elementor-id=\"720\" class=\"elementor elementor-720\" data-elementor-post-type=\"page\">\n\t\t\t\t\t\t<section class=\"elementor-section elementor-top-section elementor-element elementor-element-b0e1c37 elementor-section-full_width elementor-section-content-bottom elementor-section-height-default elementor-section-height-default\" data-id=\"b0e1c37\" data-element_type=\"section\" data-settings=\"{&quot;background_background&quot;:&quot;classic&quot;}\">\n\t\t\t\t\t\t\t<div class=\"elementor-background-overlay\"><\/div>\n\t\t\t\t\t\t\t<div class=\"elementor-container elementor-column-gap-no\">\n\t\t\t\t\t<div class=\"elementor-column elementor-col-100 elementor-top-column elementor-element elementor-element-633a9ad\" data-id=\"633a9ad\" data-element_type=\"column\">\n\t\t\t<div class=\"elementor-widget-wrap elementor-element-populated\">\n\t\t\t\t\t\t<div class=\"elementor-element elementor-element-f342958 elementor-widget elementor-widget-heading\" data-id=\"f342958\" data-element_type=\"widget\" data-widget_type=\"heading.default\">\n\t\t\t\t<div class=\"elementor-widget-container\">\n\t\t\t\t\t<h5 class=\"elementor-heading-title elementor-size-default\">Fite<\/h5>\t\t\t\t<\/div>\n\t\t\t\t<\/div>\n\t\t\t\t<div class=\"elementor-element elementor-element-4b1d596 elementor-widget elementor-widget-heading\" data-id=\"4b1d596\" data-element_type=\"widget\" data-widget_type=\"heading.default\">\n\t\t\t\t<div class=\"elementor-widget-container\">\n\t\t\t\t\t<h1 class=\"elementor-heading-title elementor-size-default\">Legal notices<\/h1>\t\t\t\t<\/div>\n\t\t\t\t<\/div>\n\t\t\t\t\t<\/div>\n\t\t<\/div>\n\t\t\t\t\t<\/div>\n\t\t<\/section>\n\t\t\t\t<section class=\"elementor-section elementor-top-section elementor-element elementor-element-732fdd1 elementor-section-boxed elementor-section-height-default elementor-section-height-default\" data-id=\"732fdd1\" data-element_type=\"section\">\n\t\t\t\t\t\t<div class=\"elementor-container elementor-column-gap-default\">\n\t\t\t\t\t<div class=\"elementor-column elementor-col-100 elementor-top-column elementor-element elementor-element-903d653\" data-id=\"903d653\" data-element_type=\"column\">\n\t\t\t<div class=\"elementor-widget-wrap elementor-element-populated\">\n\t\t\t\t\t\t<div class=\"elementor-element elementor-element-53b9431 elementor-widget elementor-widget-heading\" data-id=\"53b9431\" data-element_type=\"widget\" data-widget_type=\"heading.default\">\n\t\t\t\t<div class=\"elementor-widget-container\">\n\t\t\t\t\t<h5 class=\"elementor-heading-title elementor-size-default\">In effect from 21.09.2012<\/h5>\t\t\t\t<\/div>\n\t\t\t\t<\/div>\n\t\t\t\t<div class=\"elementor-element elementor-element-e1198fe elementor-widget elementor-widget-heading\" data-id=\"e1198fe\" data-element_type=\"widget\" data-widget_type=\"heading.default\">\n\t\t\t\t<div class=\"elementor-widget-container\">\n\t\t\t\t\t<h2 class=\"elementor-heading-title elementor-size-default\">General <br>Terms and conditions<\/h2>\t\t\t\t<\/div>\n\t\t\t\t<\/div>\n\t\t\t\t<div class=\"elementor-element elementor-element-f9c559e elementor-widget elementor-widget-text-editor\" data-id=\"f9c559e\" data-element_type=\"widget\" data-widget_type=\"text-editor.default\">\n\t\t\t\t<div class=\"elementor-widget-container\">\n\t\t\t\t\t\t\t\t\t<p>The following general terms of use have the purpose to provide a legal framework to the procedures by which the website and the services are made available by HS Projets and to define the conditions of access and of use of the services by \u00ab the User \u00bb.<br>The herein general terms of use (CGU in French) are available on the website under the heading \u00ab CGU\u00bb.<\/p>\t\t\t\t\t\t\t\t<\/div>\n\t\t\t\t<\/div>\n\t\t\t\t<div class=\"elementor-element elementor-element-2d23136 elementor-widget elementor-widget-heading\" data-id=\"2d23136\" data-element_type=\"widget\" data-widget_type=\"heading.default\">\n\t\t\t\t<div class=\"elementor-widget-container\">\n\t\t\t\t\t<h3 class=\"elementor-heading-title elementor-size-default\">Article 1 : Legal notices<\/h3>\t\t\t\t<\/div>\n\t\t\t\t<\/div>\n\t\t\t\t<div class=\"elementor-element elementor-element-d2dca5b elementor-widget elementor-widget-text-editor\" data-id=\"d2dca5b\" data-element_type=\"widget\" data-widget_type=\"text-editor.default\">\n\t\t\t\t<div class=\"elementor-widget-container\">\n\t\t\t\t\t\t\t\t\t<p>The edition of the website the-fite.com is performed by the firm named \u201cAssociation HS Projets\u201d with share capital of ____________________ euros, registered to the RCS of _____________ under number 52158841800025, whose head office is located in La Couleyre, 43 800 Saint Vincent.<br \/>Phone number: 0953891798.<br \/>EMAIL address: ca@hs-projets.com.<br \/>The website publication director is: Athenor Christine<br \/>The website host for the-fite.com is the company OVH, whose head office is located at 2 rue Kellermann, BP 80157, 59 100 ROUBAIX; their phone number is: + 33 9 72 10 10 07.<\/p>\t\t\t\t\t\t\t\t<\/div>\n\t\t\t\t<\/div>\n\t\t\t\t<div class=\"elementor-element elementor-element-f2c29b9 elementor-widget elementor-widget-heading\" data-id=\"f2c29b9\" data-element_type=\"widget\" data-widget_type=\"heading.default\">\n\t\t\t\t<div class=\"elementor-widget-container\">\n\t\t\t\t\t<h3 class=\"elementor-heading-title elementor-size-default\">Article 2:  Access to the website<\/h3>\t\t\t\t<\/div>\n\t\t\t\t<\/div>\n\t\t\t\t<div class=\"elementor-element elementor-element-f91135d elementor-widget elementor-widget-text-editor\" data-id=\"f91135d\" data-element_type=\"widget\" data-widget_type=\"text-editor.default\">\n\t\t\t\t<div class=\"elementor-widget-container\">\n\t\t\t\t\t\t\t\t\t<p>The website the-fite.com allows free access to the following services:<br \/>The website offers the following services:<br \/>Information<br \/>The website can be accessed free of charge from anywhere by all Users with an access to the Internet. All costs borne by the User in order to access the service (computer hardware, software, Internet connexion, etc.) are to his expense.<\/p>\t\t\t\t\t\t\t\t<\/div>\n\t\t\t\t<\/div>\n\t\t\t\t<div class=\"elementor-element elementor-element-858dccc elementor-widget elementor-widget-heading\" data-id=\"858dccc\" data-element_type=\"widget\" data-widget_type=\"heading.default\">\n\t\t\t\t<div class=\"elementor-widget-container\">\n\t\t\t\t\t<h3 class=\"elementor-heading-title elementor-size-default\">Article 3: Data collection<\/h3>\t\t\t\t<\/div>\n\t\t\t\t<\/div>\n\t\t\t\t<div class=\"elementor-element elementor-element-abc4ce9 elementor-widget elementor-widget-text-editor\" data-id=\"abc4ce9\" data-element_type=\"widget\" data-widget_type=\"text-editor.default\">\n\t\t\t\t<div class=\"elementor-widget-container\">\n\t\t\t\t\t\t\t\t\t<p>The website is exempted from declaration to the CNIL (French National Agency regulating data protection) given that it doesn\u2019t collect any data about the Users.<\/p>\t\t\t\t\t\t\t\t<\/div>\n\t\t\t\t<\/div>\n\t\t\t\t<div class=\"elementor-element elementor-element-4fc42d8 elementor-widget elementor-widget-heading\" data-id=\"4fc42d8\" data-element_type=\"widget\" data-widget_type=\"heading.default\">\n\t\t\t\t<div class=\"elementor-widget-container\">\n\t\t\t\t\t<h3 class=\"elementor-heading-title elementor-size-default\">Article 4: Intellectual property<\/h3>\t\t\t\t<\/div>\n\t\t\t\t<\/div>\n\t\t\t\t<div class=\"elementor-element elementor-element-390454e elementor-widget elementor-widget-text-editor\" data-id=\"390454e\" data-element_type=\"widget\" data-widget_type=\"text-editor.default\">\n\t\t\t\t<div class=\"elementor-widget-container\">\n\t\t\t\t\t\t\t\t\t<p>The brands, logos, signs as well as all the contents of the website (texts, illustrations, sounds \u2026.) are protected by the French Code of intellectual property and more specifically by the author\u2019s copyright.<br \/>The brand \u201cFestival International des Textiles Extra ordinaires\u201d is a registered trademark by HS Projets, an Association under the French law of 1901 (concerning non-profit organizations). Any representation and\/or reproduction and\/or exploitation, partial or whole of this trademark, whatever its nature, is totally prohibited.<br \/>The user must ask the prior authorization to the website for any reproduction, publication, copy of the different contents. He commits to use the contents of the website in a strictly private context. Any use for commercial or advertising purposes is strictly forbidden.<br \/>Any partial or whole representation of this website by any process, without express authorization of the Internet website operator would be considered as a forgery which is punished by article L 335-2 et sec. of the French Code of Intellectual Property.<br \/>It is recalled that, in accordance with the article L 122-5 of the French Code of Intellectual Property, the User who reproduces, copies or publishes the protected content must quote the author and content source.<br \/><br \/><\/p>\t\t\t\t\t\t\t\t<\/div>\n\t\t\t\t<\/div>\n\t\t\t\t<div class=\"elementor-element elementor-element-49cd0d6 elementor-widget elementor-widget-heading\" data-id=\"49cd0d6\" data-element_type=\"widget\" data-widget_type=\"heading.default\">\n\t\t\t\t<div class=\"elementor-widget-container\">\n\t\t\t\t\t<h3 class=\"elementor-heading-title elementor-size-default\">Article 5: Liability<\/h3>\t\t\t\t<\/div>\n\t\t\t\t<\/div>\n\t\t\t\t<div class=\"elementor-element elementor-element-221c4d8 elementor-widget elementor-widget-text-editor\" data-id=\"221c4d8\" data-element_type=\"widget\" data-widget_type=\"text-editor.default\">\n\t\t\t\t<div class=\"elementor-widget-container\">\n\t\t\t\t\t\t\t\t\t<p>The sources of the information that are broadcast on the website the-fite.com, are believed to be reliable but the website does not guarantee that it is free from defects, errors or omissions.<br \/>The information is given for general purposes, without any contractual value. In spite of regular updates, the website the-fite.com cannot be held liable for the modification of administrative and legal provisions occurring after the publication. Likewise, the website cannot be held liable or the use and the interpretation of the information contained in the site.<br \/>The website the-fite.com cannot be held liable for any virus that might infect the computer or any computer hardware of the User, following the use, the access or downloading from this website.<br \/>The responsibility of the website cannot be incurred in the event of force majeure or in the case of the unpredictable and unsurmountable act of a third party.<\/p>\t\t\t\t\t\t\t\t<\/div>\n\t\t\t\t<\/div>\n\t\t\t\t<div class=\"elementor-element elementor-element-e1c603b elementor-widget elementor-widget-heading\" data-id=\"e1c603b\" data-element_type=\"widget\" data-widget_type=\"heading.default\">\n\t\t\t\t<div class=\"elementor-widget-container\">\n\t\t\t\t\t<h3 class=\"elementor-heading-title elementor-size-default\">Article 6: Hypertext links<\/h3>\t\t\t\t<\/div>\n\t\t\t\t<\/div>\n\t\t\t\t<div class=\"elementor-element elementor-element-19570b8 elementor-widget elementor-widget-text-editor\" data-id=\"19570b8\" data-element_type=\"widget\" data-widget_type=\"text-editor.default\">\n\t\t\t\t<div class=\"elementor-widget-container\">\n\t\t\t\t\t\t\t\t\t<p>Hypertext links can be found on the website. The User is informed that by clicking on these links, he will leave the website the-fite.com. The latter does not have any control over the web pages on which these links lead to and shall not be held responsible for their content.<\/p>\t\t\t\t\t\t\t\t<\/div>\n\t\t\t\t<\/div>\n\t\t\t\t<div class=\"elementor-element elementor-element-8d7f16d elementor-widget elementor-widget-heading\" data-id=\"8d7f16d\" data-element_type=\"widget\" data-widget_type=\"heading.default\">\n\t\t\t\t<div class=\"elementor-widget-container\">\n\t\t\t\t\t<h3 class=\"elementor-heading-title elementor-size-default\">Article 7: Cookies<\/h3>\t\t\t\t<\/div>\n\t\t\t\t<\/div>\n\t\t\t\t<div class=\"elementor-element elementor-element-6d39019 elementor-widget elementor-widget-text-editor\" data-id=\"6d39019\" data-element_type=\"widget\" data-widget_type=\"text-editor.default\">\n\t\t\t\t<div class=\"elementor-widget-container\">\n\t\t\t\t\t\t\t\t\t<p>The User is informed that browsing the website the-fite.com is likely to result in the installation of cookies on his web browser.<br \/>A cookie is a small file temporarily stored in the hard drive of the User\u2019s computer by his web browser, which is necessary to use the website the-fite.com. Cookies do not contain any personal data and cannot be used to identify someone. A cookie contains a unique identifier, randomly generated, thus anonymous. Some cookies expire at the end of the visit of the User, others remain.<br \/>The information contained in the cookies is used to improve the website the-fite.com.<br \/>By navigating on the website, the User accepts them.<br \/>The User will be able to disable these cookies via the settings in his web browser.<br \/><br \/><\/p>\t\t\t\t\t\t\t\t<\/div>\n\t\t\t\t<\/div>\n\t\t\t\t<div class=\"elementor-element elementor-element-853a1c0 elementor-widget elementor-widget-heading\" data-id=\"853a1c0\" data-element_type=\"widget\" data-widget_type=\"heading.default\">\n\t\t\t\t<div class=\"elementor-widget-container\">\n\t\t\t\t\t<h3 class=\"elementor-heading-title elementor-size-default\">Article 8: Publication by the User<\/h3>\t\t\t\t<\/div>\n\t\t\t\t<\/div>\n\t\t\t\t<div class=\"elementor-element elementor-element-cdef9b7 elementor-widget elementor-widget-text-editor\" data-id=\"cdef9b7\" data-element_type=\"widget\" data-widget_type=\"text-editor.default\">\n\t\t\t\t<div class=\"elementor-widget-container\">\n\t\t\t\t\t\t\t\t\t<p>The website allows its members to publish the following contents :<br \/>Art, textile, craft, photography.<br \/>In his publications, the member commits to respect the Netiquette rules (good practice Internet rules) as well as legal rules.<br \/>The website is entitled to moderating the publications and reserves the right to refuse their on-line release, without having to justify its decision to the member.<br \/>The member remains the owner of the whole of his intellectual property rights. But, by publishing a publication on the website, he surrenders to the publishing firm, the non-exclusive and free right  of representing, reproducing, adapting, modifying, broadcasting and distributing his publication, directly or by an authorized third party, worldwide, on any support (digital or physical), for the duration of the intellectual property. The member surrenders, in particular, the right to use his publication on the internet and on mobile phones networks.<br \/>The publishing firm commits to mentioning the name of the member in close proximity to the use of his publication.<br \/>Any content published online by the User is under his sole responsibility. The User commits to not publishing on line any contents that might violate the interests of any third parties. Any legal action initiated by a prejudiced third party against the site will be borne by the User.<br \/>The User\u2019s content can be deleted or modified by the website at any time and for any reason, without any warning.<\/p>\t\t\t\t\t\t\t\t<\/div>\n\t\t\t\t<\/div>\n\t\t\t\t<div class=\"elementor-element elementor-element-da10543 elementor-widget elementor-widget-heading\" data-id=\"da10543\" data-element_type=\"widget\" data-widget_type=\"heading.default\">\n\t\t\t\t<div class=\"elementor-widget-container\">\n\t\t\t\t\t<h3 class=\"elementor-heading-title elementor-size-default\">Article 9: Applicable law and competent jurisdiction<\/h3>\t\t\t\t<\/div>\n\t\t\t\t<\/div>\n\t\t\t\t<div class=\"elementor-element elementor-element-c1deec9 elementor-widget elementor-widget-text-editor\" data-id=\"c1deec9\" data-element_type=\"widget\" data-widget_type=\"text-editor.default\">\n\t\t\t\t<div class=\"elementor-widget-container\">\n\t\t\t\t\t\t\t\t\t<p>The French law applies to the present contract. Where no amicable solution can be found to any dispute, the French courts will be the only relevant ones to hear the dispute.<br \/>For any matter relating to the herein General Terms of Use, you can get in touch with the publisher using the contact details mentioned in article 1.<br \/><br \/><\/p>\t\t\t\t\t\t\t\t<\/div>\n\t\t\t\t<\/div>\n\t\t\t\t\t<\/div>\n\t\t<\/div>\n\t\t\t\t\t<\/div>\n\t\t<\/section>\n\t\t\t\t<\/div>","protected":false},"excerpt":{"rendered":"<p>Fite les mentions l\u00e9gales En vigueur au 21.09.2012 Conditions g\u00e9n\u00e9rales d&rsquo;utilisation Les pr\u00e9sentes conditions g\u00e9n\u00e9rales d&rsquo;utilisation (dites \u00ab CGU \u00bb) ont pour objet l&rsquo;encadrement juridique des modalit\u00e9s de mise \u00e0 disposition du site et des services par HS_Projets et de d\u00e9finir les conditions d\u2019acc\u00e8s et d\u2019utilisation des services par \u00ab l&rsquo;Utilisateur \u00bb.Les pr\u00e9sentes CGU sont [&hellip;]<\/p>","protected":false},"author":1,"featured_media":0,"parent":0,"menu_order":0,"comment_status":"closed","ping_status":"closed","template":"elementor_header_footer","meta":{"site-sidebar-layout":"no-sidebar","site-content-layout":"page-builder","ast-site-content-layout":"","site-content-style":"default","site-sidebar-style":"default","ast-global-header-display":"","ast-banner-title-visibility":"","ast-main-header-display":"","ast-hfb-above-header-display":"","ast-hfb-below-header-display":"","ast-hfb-mobile-header-display":"","site-post-title":"","ast-breadcrumbs-content":"","ast-featured-img":"","footer-sml-layout":"","theme-transparent-header-meta":"default","adv-header-id-meta":"","stick-header-meta":"","header-above-stick-meta":"","header-main-stick-meta":"","header-below-stick-meta":"","astra-migrate-meta-layouts":"default","ast-page-background-enabled":"default","ast-page-background-meta":{"desktop":{"background-color":"var(--ast-global-color-4)","background-image":"","background-repeat":"repeat","background-position":"center center","background-size":"auto","background-attachment":"scroll","background-type":"","background-media":"","overlay-type":"","overlay-color":"","overlay-gradient":""},"tablet":{"background-color":"","background-image":"","background-repeat":"repeat","background-position":"center center","background-size":"auto","background-attachment":"scroll","background-type":"","background-media":"","overlay-type":"","overlay-color":"","overlay-gradient":""},"mobile":{"background-color":"","background-image":"","background-repeat":"repeat","background-position":"center center","background-size":"auto","background-attachment":"scroll","background-type":"","background-media":"","overlay-type":"","overlay-color":"","overlay-gradient":""}},"ast-content-background-meta":{"desktop":{"background-color":"var(--ast-global-color-5)","background-image":"","background-repeat":"repeat","background-position":"center center","background-size":"auto","background-attachment":"scroll","background-type":"","background-media":"","overlay-type":"","overlay-color":"","overlay-gradient":""},"tablet":{"background-color":"var(--ast-global-color-5)","background-image":"","background-repeat":"repeat","background-position":"center center","background-size":"auto","background-attachment":"scroll","background-type":"","background-media":"","overlay-type":"","overlay-color":"","overlay-gradient":""},"mobile":{"background-color":"var(--ast-global-color-5)","background-image":"","background-repeat":"repeat","background-position":"center center","background-size":"auto","background-attachment":"scroll","background-type":"","background-media":"","overlay-type":"","overlay-color":"","overlay-gradient":""}},"footnotes":""},"class_list":["post-720","page","type-page","status-publish","hentry"],"_links":{"self":[{"href":"https:\/\/the-fite.com\/en\/wp-json\/wp\/v2\/pages\/720","targetHints":{"allow":["GET"]}}],"collection":[{"href":"https:\/\/the-fite.com\/en\/wp-json\/wp\/v2\/pages"}],"about":[{"href":"https:\/\/the-fite.com\/en\/wp-json\/wp\/v2\/types\/page"}],"author":[{"embeddable":true,"href":"https:\/\/the-fite.com\/en\/wp-json\/wp\/v2\/users\/1"}],"replies":[{"embeddable":true,"href":"https:\/\/the-fite.com\/en\/wp-json\/wp\/v2\/comments?post=720"}],"version-history":[{"count":4,"href":"https:\/\/the-fite.com\/en\/wp-json\/wp\/v2\/pages\/720\/revisions"}],"predecessor-version":[{"id":730,"href":"https:\/\/the-fite.com\/en\/wp-json\/wp\/v2\/pages\/720\/revisions\/730"}],"wp:attachment":[{"href":"https:\/\/the-fite.com\/en\/wp-json\/wp\/v2\/media?parent=720"}],"curies":[{"name":"wp","href":"https:\/\/api.w.org\/{rel}","templated":true}]}}