{"id":2353,"date":"2022-07-08T16:40:22","date_gmt":"2022-07-08T14:40:22","guid":{"rendered":"http:\/\/the-fite.com\/?page_id=2353"},"modified":"2022-12-05T10:08:41","modified_gmt":"2022-12-05T09:08:41","slug":"lee-chunghie","status":"publish","type":"page","link":"https:\/\/the-fite.com\/en\/lee-chunghie\/","title":{"rendered":"Lee Chunghie"},"content":{"rendered":"<div data-elementor-type=\"wp-page\" data-elementor-id=\"2353\" class=\"elementor elementor-2353\" data-elementor-post-type=\"page\">\n\t\t\t\t\t\t<section class=\"elementor-section elementor-top-section elementor-element elementor-element-e96ee5a elementor-section-boxed elementor-section-height-default elementor-section-height-default\" data-id=\"e96ee5a\" data-element_type=\"section\">\n\t\t\t\t\t\t<div class=\"elementor-container elementor-column-gap-custom\">\n\t\t\t\t\t<div class=\"elementor-column elementor-col-100 elementor-top-column elementor-element elementor-element-afc041d\" data-id=\"afc041d\" data-element_type=\"column\">\n\t\t\t<div class=\"elementor-widget-wrap elementor-element-populated\">\n\t\t\t\t\t\t<div class=\"elementor-element elementor-element-fefabb7 elementor-widget elementor-widget-image\" data-id=\"fefabb7\" data-element_type=\"widget\" data-widget_type=\"image.default\">\n\t\t\t\t<div class=\"elementor-widget-container\">\n\t\t\t\t\t\t\t\t\t\t\t\t\t\t\t<img fetchpriority=\"high\" decoding=\"async\" width=\"300\" height=\"262\" src=\"https:\/\/the-fite.com\/wp-content\/uploads\/2022\/09\/image_2022-09-05_102000967-300x262.png\" class=\"attachment-medium size-medium wp-image-2466\" alt=\"\" srcset=\"https:\/\/the-fite.com\/wp-content\/uploads\/2022\/09\/image_2022-09-05_102000967-300x262.png 300w, https:\/\/the-fite.com\/wp-content\/uploads\/2022\/09\/image_2022-09-05_102000967-1024x893.png 1024w, https:\/\/the-fite.com\/wp-content\/uploads\/2022\/09\/image_2022-09-05_102000967-768x670.png 768w, https:\/\/the-fite.com\/wp-content\/uploads\/2022\/09\/image_2022-09-05_102000967.png 1131w\" sizes=\"(max-width: 300px) 100vw, 300px\" \/>\t\t\t\t\t\t\t\t\t\t\t\t\t\t\t<\/div>\n\t\t\t\t<\/div>\n\t\t\t\t<div class=\"elementor-element elementor-element-10618c8 elementor-widget elementor-widget-spacer\" data-id=\"10618c8\" data-element_type=\"widget\" data-widget_type=\"spacer.default\">\n\t\t\t\t<div class=\"elementor-widget-container\">\n\t\t\t\t\t\t\t<div class=\"elementor-spacer\">\n\t\t\t<div class=\"elementor-spacer-inner\"><\/div>\n\t\t<\/div>\n\t\t\t\t\t\t<\/div>\n\t\t\t\t<\/div>\n\t\t\t\t<div class=\"elementor-element elementor-element-71783d3 elementor-widget elementor-widget-heading\" data-id=\"71783d3\" data-element_type=\"widget\" data-widget_type=\"heading.default\">\n\t\t\t\t<div class=\"elementor-widget-container\">\n\t\t\t\t\t<h2 class=\"elementor-heading-title elementor-size-default\">Durumagi de Lee Chunghie<\/h2>\t\t\t\t<\/div>\n\t\t\t\t<\/div>\n\t\t\t\t<div class=\"elementor-element elementor-element-1fbd6ef elementor-widget elementor-widget-text-editor\" data-id=\"1fbd6ef\" data-element_type=\"widget\" data-widget_type=\"text-editor.default\">\n\t\t\t\t<div class=\"elementor-widget-container\">\n\t\t\t\t\t\t\t\t\t<p><span style=\"font-weight: 400;\">n\u00e9e en 1945. Vit et travaille \u00e0 New-York (\u00c9tats-Unis) \/\u00a0 Mus\u00e9e Bargoin, Clermont-Ferrand<\/span><\/p>\t\t\t\t\t\t\t\t<\/div>\n\t\t\t\t<\/div>\n\t\t\t\t<div class=\"elementor-element elementor-element-02def2d elementor-widget elementor-widget-text-editor\" data-id=\"02def2d\" data-element_type=\"widget\" data-widget_type=\"text-editor.default\">\n\t\t\t\t<div class=\"elementor-widget-container\">\n\t\t\t\t\t\t\t\t\t<iframe frameborder=\"0\" loading=\"lazy\" id=\"ausha-9MhM\" height=\"420\" style=\"border: none; width:100%; height:420px\" src=\"https:\/\/player.ausha.co\/index.html?playlistSlug=imagine-durumagi-de-of-lee-chunghie&#038;playlist=true&#038;color=%2372238e&#038;v=3&#038;playerId=ausha-9MhM\"><\/iframe><script src=\"https:\/\/player.ausha.co\/ausha-player.js\"><\/script>\t\t\t\t\t\t\t\t<\/div>\n\t\t\t\t<\/div>\n\t\t\t\t<div class=\"elementor-element elementor-element-f54d6a2 elementor-widget elementor-widget-image\" data-id=\"f54d6a2\" data-element_type=\"widget\" data-widget_type=\"image.default\">\n\t\t\t\t<div class=\"elementor-widget-container\">\n\t\t\t\t\t\t\t\t\t\t\t\t\t\t\t<img decoding=\"async\" src=\"http:\/\/the-fite.com\/wp-content\/uploads\/2022\/12\/15-Chungi-Lee-2.jpg\" title=\"\" alt=\"\" loading=\"lazy\" \/>\t\t\t\t\t\t\t\t\t\t\t\t\t\t\t<\/div>\n\t\t\t\t<\/div>\n\t\t\t\t<div class=\"elementor-element elementor-element-2d41506 elementor-widget elementor-widget-spacer\" data-id=\"2d41506\" data-element_type=\"widget\" data-widget_type=\"spacer.default\">\n\t\t\t\t<div class=\"elementor-widget-container\">\n\t\t\t\t\t\t\t<div class=\"elementor-spacer\">\n\t\t\t<div class=\"elementor-spacer-inner\"><\/div>\n\t\t<\/div>\n\t\t\t\t\t\t<\/div>\n\t\t\t\t<\/div>\n\t\t\t\t<div class=\"elementor-element elementor-element-4d3fd4c elementor-mobile-align-center elementor-widget elementor-widget-button\" data-id=\"4d3fd4c\" data-element_type=\"widget\" data-widget_type=\"button.default\">\n\t\t\t\t<div class=\"elementor-widget-container\">\n\t\t\t\t\t\t\t\t\t<div class=\"elementor-button-wrapper\">\n\t\t\t\t\t<a class=\"elementor-button elementor-button-link elementor-size-sm\" href=\"#\">\n\t\t\t\t\t\t<span class=\"elementor-button-content-wrapper\">\n\t\t\t\t\t\t<span class=\"elementor-button-icon\">\n\t\t\t\t<i aria-hidden=\"true\" class=\"fab fa-instagram\"><\/i>\t\t\t<\/span>\n\t\t\t\t\t\t\t\t\t<span class=\"elementor-button-text\">Instagram<\/span>\n\t\t\t\t\t<\/span>\n\t\t\t\t\t<\/a>\n\t\t\t\t<\/div>\n\t\t\t\t\t\t\t\t<\/div>\n\t\t\t\t<\/div>\n\t\t\t\t\t<\/div>\n\t\t<\/div>\n\t\t\t\t\t<\/div>\n\t\t<\/section>\n\t\t\t\t<\/div>","protected":false},"excerpt":{"rendered":"<p>Durumagi de Lee Chunghie n\u00e9e en 1945. Vit et travaille \u00e0 New-York (\u00c9tats-Unis) \/\u00a0 Mus\u00e9e Bargoin, Clermont-Ferrand Instagram<\/p>","protected":false},"author":1,"featured_media":0,"parent":0,"menu_order":0,"comment_status":"closed","ping_status":"closed","template":"elementor_header_footer","meta":{"site-sidebar-layout":"default","site-content-layout":"default","ast-site-content-layout":"","site-content-style":"default","site-sidebar-style":"default","ast-global-header-display":"","ast-banner-title-visibility":"","ast-main-header-display":"disabled","ast-hfb-above-header-display":"","ast-hfb-below-header-display":"","ast-hfb-mobile-header-display":"","site-post-title":"disabled","ast-breadcrumbs-content":"disabled","ast-featured-img":"disabled","footer-sml-layout":"disabled","theme-transparent-header-meta":"default","adv-header-id-meta":"","stick-header-meta":"","header-above-stick-meta":"","header-main-stick-meta":"","header-below-stick-meta":"","astra-migrate-meta-layouts":"default","ast-page-background-enabled":"default","ast-page-background-meta":{"desktop":{"background-color":"var(--ast-global-color-4)","background-image":"","background-repeat":"repeat","background-position":"center center","background-size":"auto","background-attachment":"scroll","background-type":"","background-media":"","overlay-type":"","overlay-color":"","overlay-gradient":""},"tablet":{"background-color":"","background-image":"","background-repeat":"repeat","background-position":"center center","background-size":"auto","background-attachment":"scroll","background-type":"","background-media":"","overlay-type":"","overlay-color":"","overlay-gradient":""},"mobile":{"background-color":"","background-image":"","background-repeat":"repeat","background-position":"center center","background-size":"auto","background-attachment":"scroll","background-type":"","background-media":"","overlay-type":"","overlay-color":"","overlay-gradient":""}},"ast-content-background-meta":{"desktop":{"background-color":"var(--ast-global-color-5)","background-image":"","background-repeat":"repeat","background-position":"center center","background-size":"auto","background-attachment":"scroll","background-type":"","background-media":"","overlay-type":"","overlay-color":"","overlay-gradient":""},"tablet":{"background-color":"var(--ast-global-color-5)","background-image":"","background-repeat":"repeat","background-position":"center center","background-size":"auto","background-attachment":"scroll","background-type":"","background-media":"","overlay-type":"","overlay-color":"","overlay-gradient":""},"mobile":{"background-color":"var(--ast-global-color-5)","background-image":"","background-repeat":"repeat","background-position":"center center","background-size":"auto","background-attachment":"scroll","background-type":"","background-media":"","overlay-type":"","overlay-color":"","overlay-gradient":""}},"footnotes":""},"class_list":["post-2353","page","type-page","status-publish","hentry"],"_links":{"self":[{"href":"https:\/\/the-fite.com\/en\/wp-json\/wp\/v2\/pages\/2353","targetHints":{"allow":["GET"]}}],"collection":[{"href":"https:\/\/the-fite.com\/en\/wp-json\/wp\/v2\/pages"}],"about":[{"href":"https:\/\/the-fite.com\/en\/wp-json\/wp\/v2\/types\/page"}],"author":[{"embeddable":true,"href":"https:\/\/the-fite.com\/en\/wp-json\/wp\/v2\/users\/1"}],"replies":[{"embeddable":true,"href":"https:\/\/the-fite.com\/en\/wp-json\/wp\/v2\/comments?post=2353"}],"version-history":[{"count":10,"href":"https:\/\/the-fite.com\/en\/wp-json\/wp\/v2\/pages\/2353\/revisions"}],"predecessor-version":[{"id":2797,"href":"https:\/\/the-fite.com\/en\/wp-json\/wp\/v2\/pages\/2353\/revisions\/2797"}],"wp:attachment":[{"href":"https:\/\/the-fite.com\/en\/wp-json\/wp\/v2\/media?parent=2353"}],"curies":[{"name":"wp","href":"https:\/\/api.w.org\/{rel}","templated":true}]}}